{"id":99,"date":"2021-08-11T03:45:52","date_gmt":"2021-08-11T03:45:52","guid":{"rendered":"https:\/\/gau.pup.mybluehost.me\/?page_id=99"},"modified":"2021-10-16T20:07:33","modified_gmt":"2021-10-17T00:07:33","slug":"bleeding-disorders","status":"publish","type":"page","link":"https:\/\/kvrpharma.com\/fr\/bleeding-disorders\/","title":{"rendered":"Troubles de la coagulation"},"content":{"rendered":"<div style=\"height:28px\" aria-hidden=\"true\" class=\"wp-block-spacer\"><\/div>\n\n\n\n<div class=\"wp-block-columns is-layout-flex wp-container-core-columns-is-layout-9d6595d7 wp-block-columns-is-layout-flex\">\n<div class=\"wp-block-column is-layout-flow wp-block-column-is-layout-flow\">\n<p>Les troubles de la coagulation sont une famille de maladies h\u00e9r\u00e9ditaires qui affectent la capacit\u00e9 de l'organisme \u00e0 coaguler le sang. Cela peut \u00eatre d\u00fb \u00e0 l'absence ou au dysfonctionnement de prot\u00e9ines sanguines (ou de plaquettes). Par cons\u00e9quent, ces troubles peuvent entra\u00eener des saignements prolong\u00e9s apr\u00e8s une blessure.<\/p>\n\n\n\n<p>Environ 300 000 Canadiens sont atteints d'un trouble sanguin h\u00e9r\u00e9ditaire. Ces troubles comprennent:<\/p>\n\n\n\n<ul class=\"wp-block-list\"><li>L'h\u00e9mophilie A et B<\/li><li>La maladie de von Willebrand<\/li><li>D\u00e9ficiences rares des facteurs de coagulation<\/li><li>Troubles de la fonction plaquettaire<\/li><\/ul>\n<\/div>\n\n\n\n<div class=\"wp-block-column is-layout-flow wp-block-column-is-layout-flow\">\n<figure class=\"wp-block-image size-full\"><img data-recalc-dims=\"1\" decoding=\"async\" src=\"https:\/\/i0.wp.com\/kvrpharma.com\/wp-content\/uploads\/2021\/10\/shutterstock_1895443057-1.jpg?ssl=1\" alt=\"\" class=\"wp-image-163\"\/><\/figure>\n<\/div>\n<\/div>\n\n\n\n<h3 class=\"wp-block-heading\">H\u00e9mophilie A<\/h3>\n\n\n\n<p>L'h\u00e9mophilie A est une maladie du sang h\u00e9r\u00e9ditaire caus\u00e9e par une d\u00e9ficience du facteur VIII de coagulation du sang. Cela provoque des saignements graves et prolong\u00e9s. L'h\u00e9mophilie A touche de mani\u00e8re disproportionn\u00e9e les hommes. <\/p>\n\n\n\n<h3 class=\"wp-block-heading\">La maladie de Von Willebrand<\/h3>\n\n\n\n<p>La maladie de von Willebrand est le trouble de la coagulation le plus courant. Elle est caus\u00e9e par une d\u00e9ficience g\u00e9n\u00e9tique du facteur de von Willebrand, qui intervient dans la coagulation du sang. La maladie de von Willebrand est aussi r\u00e9pandue chez les hommes que chez les femmes.<\/p>\n\n\n\n<h3 class=\"wp-block-heading\">D\u00e9ficiences rares des facteurs de coagulation<\/h3>\n\n\n\n<p>Les d\u00e9ficiences en facteurs de coagulation sont un groupe de maladies g\u00e9n\u00e9tiques h\u00e9r\u00e9ditaires dans lesquelles les facteurs de coagulation I, II, V, VII, X, XI ou XIII sont absents.<\/p>\n\n\n\n<h3 class=\"wp-block-heading\">Troubles de la fonction plaquettaire <\/h3>\n\n\n\n<p>Les troubles de la fonction plaquettaire sont un groupe de conditions dans lesquelles les plaquettes sanguines ne fonctionnent pas correctement. Ils sont caus\u00e9s par un d\u00e9faut de stockage ou de lib\u00e9ration des granules dans les plaquettes. Ces troubles peuvent \u00eatre g\u00e9n\u00e9tiques ou acquis (c'est-\u00e0-dire caus\u00e9s par d'autres maladies ou des m\u00e9dicaments).<\/p>","protected":false},"excerpt":{"rendered":"<p>Bleeding disorders are inherited family of diseases that affects the body\u2019s ability to clot blood. This may be due to missing or dysfunctional blood proteins (or platelets). As a result,&hellip;<\/p>","protected":false},"author":1,"featured_media":0,"parent":0,"menu_order":0,"comment_status":"closed","ping_status":"closed","template":"","meta":{"nf_dc_page":"","om_disable_all_campaigns":false,"_monsterinsights_skip_tracking":false,"_monsterinsights_sitenote_active":false,"_monsterinsights_sitenote_note":"","_monsterinsights_sitenote_category":0,"footnotes":""},"class_list":["post-99","page","type-page","status-publish","hentry"],"aioseo_notices":[],"jetpack_sharing_enabled":true,"_links":{"self":[{"href":"https:\/\/kvrpharma.com\/fr\/wp-json\/wp\/v2\/pages\/99","targetHints":{"allow":["GET"]}}],"collection":[{"href":"https:\/\/kvrpharma.com\/fr\/wp-json\/wp\/v2\/pages"}],"about":[{"href":"https:\/\/kvrpharma.com\/fr\/wp-json\/wp\/v2\/types\/page"}],"author":[{"embeddable":true,"href":"https:\/\/kvrpharma.com\/fr\/wp-json\/wp\/v2\/users\/1"}],"replies":[{"embeddable":true,"href":"https:\/\/kvrpharma.com\/fr\/wp-json\/wp\/v2\/comments?post=99"}],"version-history":[{"count":4,"href":"https:\/\/kvrpharma.com\/fr\/wp-json\/wp\/v2\/pages\/99\/revisions"}],"predecessor-version":[{"id":169,"href":"https:\/\/kvrpharma.com\/fr\/wp-json\/wp\/v2\/pages\/99\/revisions\/169"}],"wp:attachment":[{"href":"https:\/\/kvrpharma.com\/fr\/wp-json\/wp\/v2\/media?parent=99"}],"curies":[{"name":"wp","href":"https:\/\/api.w.org\/{rel}","templated":true}]}}