{"id":95,"date":"2021-08-11T02:20:38","date_gmt":"2021-08-11T02:20:38","guid":{"rendered":"https:\/\/gau.pup.mybluehost.me\/?page_id=95"},"modified":"2021-10-18T18:29:20","modified_gmt":"2021-10-18T22:29:20","slug":"indications","status":"publish","type":"page","link":"https:\/\/kvrpharma.com\/fr\/bipazen\/indications\/","title":{"rendered":"Indications"},"content":{"rendered":"<p> BIPAZEN<sup>TM<\/sup> (ac\u00e9tate de desmopressine injectable) est indiqu\u00e9 pour:<\/p>\n\n\n\n<ul class=\"wp-block-list\"><li>la prevention des formes l\u00e9g\u00e8res de l\u2019h\u00e9mophilie A, et <\/li><li>de la maladie de von Willebrand de type 1 l\u00e9g\u00e8re. <\/li><\/ul>\n\n\n\n<h3 class=\"wp-block-heading\"><strong>H\u00e9mophilie A<\/strong><\/h3>\n\n\n\n<p>BIPAZEN<sup>TM<\/sup> est indiqu\u00e9e pour les patients atteints de l\u2019h\u00e9mophilie A qui poss\u00e8dent des taux de facteur VIII plus \u00e9lev\u00e9s que 5 %.<br><br>BIPAZEN<sup>TM<\/sup> arr\u00eatera les saignements chez les patients atteints d'h\u00e9mophilie A qui pr\u00e9sentent des \u00e9pisodes de blessures spontan\u00e9es ou induites par un traumatisme, comme des h\u00e9marthroses, des h\u00e9matomes intramusculaires ou des saignements des muqueuses. Dans certaines situations cliniques, il peut \u00eatre justifi\u00e9 d'essayer BIPAZEN<sup>TM<\/sup>  chez les patients dont le taux de facteur VIII se situe entre 2 et 5 %, mais ces patients doivent \u00eatre surveill\u00e9s de pr\u00e8s. <br><br>BIPAZEN<sup>TM<\/sup>  permettra souvent de maintenir l\u2019h\u00e9mostase chez les patients atteints d\u2019h\u00e9mophilie A pendant et apr\u00e8s les interventions chirurgicales. <\/p>\n\n\n\n<h3 class=\"wp-block-heading\"><strong>Maladie de von Willebrand (type I)<\/strong><\/h3>\n\n\n\n<p>BIPAZEN<sup>TM<\/sup> est indiqu\u00e9e pour les patients atteints d\u2019une forme l\u00e9g\u00e8re \u00e0 mod\u00e9r\u00e9e de la maladie de von Willebrand classique (Type I) qui poss\u00e8dent des taux de facteur VIII plus \u00e9lev\u00e9s que 5 %.<br><br>BIPAZEN<sup>TM<\/sup> arr\u00eatera habituellement les saignements chez les patients atteints d\u2019une forme l\u00e9g\u00e8re ou mod\u00e9r\u00e9e de la maladie de von Willebrand lorsqu\u2019ils pr\u00e9sentent des l\u00e9sions spontan\u00e9es ou induites par un traumatisme comme les h\u00e9marthroses, les h\u00e9matomes intramusculaires ou les saignements des muqueuses.<\/p>","protected":false},"excerpt":{"rendered":"<p>BIPAZENTM (desmopressin acetate injection) is indicated for: prophylaxis of mild hemophilia A, and mild von Willebrand\u2019s disease Type I Hemophilia A BIPAZENTM is indicated for patients with hemophilia A with&hellip;<\/p>","protected":false},"author":1,"featured_media":0,"parent":52,"menu_order":0,"comment_status":"closed","ping_status":"closed","template":"","meta":{"nf_dc_page":"","om_disable_all_campaigns":false,"_monsterinsights_skip_tracking":false,"_monsterinsights_sitenote_active":false,"_monsterinsights_sitenote_note":"","_monsterinsights_sitenote_category":0,"footnotes":""},"class_list":["post-95","page","type-page","status-publish","hentry"],"aioseo_notices":[],"jetpack_sharing_enabled":true,"_links":{"self":[{"href":"https:\/\/kvrpharma.com\/fr\/wp-json\/wp\/v2\/pages\/95","targetHints":{"allow":["GET"]}}],"collection":[{"href":"https:\/\/kvrpharma.com\/fr\/wp-json\/wp\/v2\/pages"}],"about":[{"href":"https:\/\/kvrpharma.com\/fr\/wp-json\/wp\/v2\/types\/page"}],"author":[{"embeddable":true,"href":"https:\/\/kvrpharma.com\/fr\/wp-json\/wp\/v2\/users\/1"}],"replies":[{"embeddable":true,"href":"https:\/\/kvrpharma.com\/fr\/wp-json\/wp\/v2\/comments?post=95"}],"version-history":[{"count":5,"href":"https:\/\/kvrpharma.com\/fr\/wp-json\/wp\/v2\/pages\/95\/revisions"}],"predecessor-version":[{"id":253,"href":"https:\/\/kvrpharma.com\/fr\/wp-json\/wp\/v2\/pages\/95\/revisions\/253"}],"up":[{"embeddable":true,"href":"https:\/\/kvrpharma.com\/fr\/wp-json\/wp\/v2\/pages\/52"}],"wp:attachment":[{"href":"https:\/\/kvrpharma.com\/fr\/wp-json\/wp\/v2\/media?parent=95"}],"curies":[{"name":"wp","href":"https:\/\/api.w.org\/{rel}","templated":true}]}}