{"id":55,"date":"2021-08-09T03:13:26","date_gmt":"2021-08-09T03:13:26","guid":{"rendered":"https:\/\/gau.pup.mybluehost.me\/?page_id=55"},"modified":"2021-10-18T18:25:41","modified_gmt":"2021-10-18T22:25:41","slug":"adverse-events","status":"publish","type":"page","link":"https:\/\/kvrpharma.com\/fr\/bipazen\/adverse-events\/","title":{"rendered":"Effets ind\u00e9sirables"},"content":{"rendered":"<p>Si vous avez une urgence m\u00e9dicale, veuillez contacter le 911 ou le centre d'urgence le plus proche. KVR Pharma ne peut fournir aucune assistance m\u00e9dicale.<\/p>\n\n\n\n<p>Pour tout effet ind\u00e9sirable, surdosage ou manque d'efficacit\u00e9 survenu lors de l'utilisation de BIPAZEN<sup>TM<\/sup>, veuillez nous contacter et fournir les d\u00e9tails suivants :<\/p>\n\n\n\n<ul class=\"wp-block-list\"><li>L'\u00e9v\u00e9nement ind\u00e9sirable qui s'est produit. <\/li><li>Une description de la personne qui a subi l'\u00e9v\u00e9nement (nom ou initiales, sexe, \u00e2ge, etc.).<\/li><li>Vos coordonn\u00e9es<\/li><\/ul>\n\n\n\n<p>Par t\u00e9l\u00e9phone:          1-877-302-2561<\/p>\n\n\n\n<p>Par courriel: &nbsp;&nbsp;&nbsp;&nbsp;&nbsp;&nbsp;&nbsp;&nbsp;&nbsp;&nbsp; <a href=\"mailto:info@kvrpharma.com\">info@kvrpharma.com<\/a> <\/p>","protected":false},"excerpt":{"rendered":"<p>If you have a medical emergency, please contact 911 or your closest emergency center. KVR Pharma cannot provide any medical assistance. For any adverse drug reaction, overdose or lack of&hellip;<\/p>","protected":false},"author":1,"featured_media":0,"parent":52,"menu_order":0,"comment_status":"closed","ping_status":"closed","template":"","meta":{"nf_dc_page":"","om_disable_all_campaigns":false,"_monsterinsights_skip_tracking":false,"_monsterinsights_sitenote_active":false,"_monsterinsights_sitenote_note":"","_monsterinsights_sitenote_category":0,"footnotes":""},"class_list":["post-55","page","type-page","status-publish","hentry"],"aioseo_notices":[],"jetpack_sharing_enabled":true,"_links":{"self":[{"href":"https:\/\/kvrpharma.com\/fr\/wp-json\/wp\/v2\/pages\/55","targetHints":{"allow":["GET"]}}],"collection":[{"href":"https:\/\/kvrpharma.com\/fr\/wp-json\/wp\/v2\/pages"}],"about":[{"href":"https:\/\/kvrpharma.com\/fr\/wp-json\/wp\/v2\/types\/page"}],"author":[{"embeddable":true,"href":"https:\/\/kvrpharma.com\/fr\/wp-json\/wp\/v2\/users\/1"}],"replies":[{"embeddable":true,"href":"https:\/\/kvrpharma.com\/fr\/wp-json\/wp\/v2\/comments?post=55"}],"version-history":[{"count":5,"href":"https:\/\/kvrpharma.com\/fr\/wp-json\/wp\/v2\/pages\/55\/revisions"}],"predecessor-version":[{"id":251,"href":"https:\/\/kvrpharma.com\/fr\/wp-json\/wp\/v2\/pages\/55\/revisions\/251"}],"up":[{"embeddable":true,"href":"https:\/\/kvrpharma.com\/fr\/wp-json\/wp\/v2\/pages\/52"}],"wp:attachment":[{"href":"https:\/\/kvrpharma.com\/fr\/wp-json\/wp\/v2\/media?parent=55"}],"curies":[{"name":"wp","href":"https:\/\/api.w.org\/{rel}","templated":true}]}}