{"id":52,"date":"2021-08-09T03:11:37","date_gmt":"2021-08-09T03:11:37","guid":{"rendered":"https:\/\/gau.pup.mybluehost.me\/?page_id=52"},"modified":"2023-01-03T15:02:53","modified_gmt":"2023-01-03T19:02:53","slug":"bipazen","status":"publish","type":"page","link":"https:\/\/kvrpharma.com\/fr\/bipazen\/","title":{"rendered":"BIPAZEN"},"content":{"rendered":"<div class=\"wp-block-columns is-layout-flex wp-container-core-columns-is-layout-9d6595d7 wp-block-columns-is-layout-flex\">\n<div class=\"wp-block-column is-layout-flow wp-block-column-is-layout-flow\">\n<p>BIPAZEN<sup>TM<\/sup> (desmopressine injectable) est un m\u00e9dicament synth\u00e9tique qui est une copie presque exacte d'une hormone naturelle. La desmopressine n'est pas fabriqu\u00e9e \u00e0 partir du sang et ne comporte aucun risque de transmission d'une infection virale.<\/p>\n\n\n\n<p>Bien que la desmopressine ait \u00e9t\u00e9 con\u00e7ue \u00e0 l'origine pour le traitement du diab\u00e8te insipide, son format injectable s'est impos\u00e9 comme l'agent h\u00e9mostatique de choix en raison de son fort effet coagulant et de son bon profil de s\u00e9curit\u00e9. Il s'agit d'un m\u00e9dicament qui aide l'organisme \u00e0 fabriquer des caillots sanguins.<\/p>\n\n\n\n<p>BIPAZEN<sup>TM<\/sup> agit en lib\u00e9rant le facteur de von Willebrand et le facteur VIII stock\u00e9s dans la paroi des vaisseaux sanguins. La lib\u00e9ration est rapide car les sites de stockage sont r\u00e9unis (co-localis\u00e9s). Le facteur de von Willebrand est une importante prot\u00e9ine de coagulation du sang. Il sert \u00e0 transporter le facteur VIII dans la circulation sanguine jusqu'au site des vaisseaux sanguins endommag\u00e9s.<\/p>\n<\/div>\n\n\n\n<div class=\"wp-block-column is-layout-flow wp-block-column-is-layout-flow\">\n<figure class=\"wp-block-image size-full\"><img data-recalc-dims=\"1\" decoding=\"async\" src=\"https:\/\/i0.wp.com\/kvrpharma.com\/wp-content\/uploads\/2021\/10\/shutterstock_256327315-1.jpg?ssl=1\" alt=\"\" class=\"wp-image-164\"\/><\/figure>\n<\/div>\n<\/div>\n\n\n\n<p>BIPAZEN<sup>TM<\/sup> peut \u00eatre pris de trois fa\u00e7ons diff\u00e9rentes. Votre m\u00e9decin d\u00e9cidera de la m\u00e9thode qui vous convient le mieux.<\/p>\n\n\n\n<ul class=\"wp-block-list\">\n<li>Il peut \u00eatre inject\u00e9 dans une veine par voie intraveineuse.<\/li>\n\n\n\n<li>Il peut \u00eatre inject\u00e9 dans un muscle par voie intramusculaire.<\/li>\n\n\n\n<li>Il peut \u00eatre inject\u00e9 sous la peau, par voie sous-cutan\u00e9e.<\/li>\n<\/ul>\n\n\n\n<p>Une deuxi\u00e8me dose administr\u00e9e avant que les cellules de r\u00e9serve de la paroi sanguine ne soient reconstitu\u00e9es n'aura pas un effet aussi important que la dose initiale.<\/p>\n\n\n\n<p>BIPAZEN<sup>TM<\/sup>  a le plus d'effet environ 1 heure apr\u00e8s l'injection. Pour la plupart des personnes, BIPAZEN<sup>TM<\/sup>  continue \u00e0 agir pendant 8 \u00e0 12 heures, bien que l'activit\u00e9 de coagulation diminue lentement avec le temps.<\/p>\n\n\n\n<p>Pr\u00e9voyez 24 heures entre les doses de desmopressine pour que le corps puisse reconstituer ses r\u00e9serves de von Willebrand et de facteur VIII.<\/p>\n\n\n\n<div style=\"height:45px\" aria-hidden=\"true\" class=\"wp-block-spacer\"><\/div>\n\n\n\n<h4 class=\"wp-block-heading\"><em>Monographie du produit<\/em><\/h4>\n\n\n\n<p>Pour plus d'informations, lisez la monographie compl\u00e8te de notre produit :<\/p>\n\n\n\n<div class=\"wp-block-file\"><a id=\"wp-block-file--media-7361bfe8-1b49-4744-99ad-d5d7a2108b83\" href=\"https:\/\/kvrpharma.com\/wp-content\/uploads\/2021\/10\/Bipazen-Product-Monograph-EN.pdf\" target=\"_blank\" rel=\"noreferrer noopener\">Bipazen-Product-Monograph<\/a><a href=\"https:\/\/kvrpharma.com\/wp-content\/uploads\/2021\/10\/Bipazen-Product-Monograph-EN.pdf\" class=\"wp-block-file__button wp-element-button\" download aria-describedby=\"wp-block-file--media-7361bfe8-1b49-4744-99ad-d5d7a2108b83\">Download<\/a><\/div>\n\n\n\n<div class=\"wp-block-file\"><a id=\"wp-block-file--media-07ca46fc-1342-46cb-ab93-01d098535576\" href=\"https:\/\/kvrpharma.com\/wp-content\/uploads\/2023\/01\/Monographie-de-Produit.pdf\" target=\"_blank\" rel=\"noreferrer noopener\">Monographie-de-Produit<\/a><a href=\"https:\/\/kvrpharma.com\/wp-content\/uploads\/2023\/01\/Monographie-de-Produit.pdf\" class=\"wp-block-file__button wp-element-button\" download aria-describedby=\"wp-block-file--media-07ca46fc-1342-46cb-ab93-01d098535576\">T\u00e9l\u00e9charger<\/a><\/div>","protected":false},"excerpt":{"rendered":"<p>BIPAZENTM (desmopressin injection) is a synthetic drug which is an almost exact copy of a natural hormone. Desmopressin is not made from blood and carries no risk of transmission of&hellip;<\/p>","protected":false},"author":1,"featured_media":0,"parent":0,"menu_order":0,"comment_status":"closed","ping_status":"closed","template":"","meta":{"nf_dc_page":"","om_disable_all_campaigns":false,"_monsterinsights_skip_tracking":false,"_monsterinsights_sitenote_active":false,"_monsterinsights_sitenote_note":"","_monsterinsights_sitenote_category":0,"footnotes":""},"class_list":["post-52","page","type-page","status-publish","hentry"],"aioseo_notices":[],"jetpack_sharing_enabled":true,"_links":{"self":[{"href":"https:\/\/kvrpharma.com\/fr\/wp-json\/wp\/v2\/pages\/52","targetHints":{"allow":["GET"]}}],"collection":[{"href":"https:\/\/kvrpharma.com\/fr\/wp-json\/wp\/v2\/pages"}],"about":[{"href":"https:\/\/kvrpharma.com\/fr\/wp-json\/wp\/v2\/types\/page"}],"author":[{"embeddable":true,"href":"https:\/\/kvrpharma.com\/fr\/wp-json\/wp\/v2\/users\/1"}],"replies":[{"embeddable":true,"href":"https:\/\/kvrpharma.com\/fr\/wp-json\/wp\/v2\/comments?post=52"}],"version-history":[{"count":5,"href":"https:\/\/kvrpharma.com\/fr\/wp-json\/wp\/v2\/pages\/52\/revisions"}],"predecessor-version":[{"id":291,"href":"https:\/\/kvrpharma.com\/fr\/wp-json\/wp\/v2\/pages\/52\/revisions\/291"}],"wp:attachment":[{"href":"https:\/\/kvrpharma.com\/fr\/wp-json\/wp\/v2\/media?parent=52"}],"curies":[{"name":"wp","href":"https:\/\/api.w.org\/{rel}","templated":true}]}}