{"id":4,"date":"2021-08-09T02:38:54","date_gmt":"2021-08-09T02:38:54","guid":{"rendered":"https:\/\/gau.pup.mybluehost.me\/?page_id=4"},"modified":"2021-10-16T20:02:06","modified_gmt":"2021-10-17T00:02:06","slug":"home","status":"publish","type":"page","link":"https:\/\/kvrpharma.com\/fr\/","title":{"rendered":"Accueil"},"content":{"rendered":"<div class=\"wp-block-group nf-instructions\"><div class=\"wp-block-group__inner-container is-layout-flow wp-block-group-is-layout-flow\">\n<div class=\"wp-block-cover has-background-dim\" style=\"min-height:441px;aspect-ratio:unset;\"><img data-recalc-dims=\"1\" decoding=\"async\" class=\"wp-block-cover__image-background wp-image-26\" alt=\"\" src=\"https:\/\/i0.wp.com\/gau.pup.mybluehost.me\/wp-content\/uploads\/2021\/08\/bill-oxford-tR0PPLuN6Pw-unsplash-1.jpg?ssl=1\" data-object-fit=\"cover\"\/><div class=\"wp-block-cover__inner-container is-layout-flow wp-block-cover-is-layout-flow\">\n<p class=\"has-white-color has-text-color has-medium-font-size\">Nous nous engageons \u00e0 d\u00e9velopper et \u00e0 commercialiser des produits th\u00e9rapeutiques innovants.<\/p>\n\n\n\n<p class=\"has-medium-font-size\">Bas\u00e9e \u00e0 Toronto, au Canada, notre \u00e9quipe de gestion poss\u00e8de l\u2019expertise n\u00e9cessaire pour identifier les opportunit\u00e9s de niche non reconnues par les autres.<\/p>\n<\/div><\/div>\n\n\n\n<p><\/p>\n<\/div><\/div>","protected":false},"excerpt":{"rendered":"","protected":false},"author":1,"featured_media":0,"parent":0,"menu_order":0,"comment_status":"closed","ping_status":"closed","template":"","meta":{"nf_dc_page":"home","om_disable_all_campaigns":false,"_monsterinsights_skip_tracking":false,"_monsterinsights_sitenote_active":false,"_monsterinsights_sitenote_note":"","_monsterinsights_sitenote_category":0,"footnotes":""},"class_list":["post-4","page","type-page","status-publish","hentry"],"aioseo_notices":[],"jetpack_sharing_enabled":true,"_links":{"self":[{"href":"https:\/\/kvrpharma.com\/fr\/wp-json\/wp\/v2\/pages\/4","targetHints":{"allow":["GET"]}}],"collection":[{"href":"https:\/\/kvrpharma.com\/fr\/wp-json\/wp\/v2\/pages"}],"about":[{"href":"https:\/\/kvrpharma.com\/fr\/wp-json\/wp\/v2\/types\/page"}],"author":[{"embeddable":true,"href":"https:\/\/kvrpharma.com\/fr\/wp-json\/wp\/v2\/users\/1"}],"replies":[{"embeddable":true,"href":"https:\/\/kvrpharma.com\/fr\/wp-json\/wp\/v2\/comments?post=4"}],"version-history":[{"count":5,"href":"https:\/\/kvrpharma.com\/fr\/wp-json\/wp\/v2\/pages\/4\/revisions"}],"predecessor-version":[{"id":155,"href":"https:\/\/kvrpharma.com\/fr\/wp-json\/wp\/v2\/pages\/4\/revisions\/155"}],"wp:attachment":[{"href":"https:\/\/kvrpharma.com\/fr\/wp-json\/wp\/v2\/media?parent=4"}],"curies":[{"name":"wp","href":"https:\/\/api.w.org\/{rel}","templated":true}]}}