{"id":2,"date":"2021-07-25T14:46:35","date_gmt":"2021-07-25T14:46:35","guid":{"rendered":"http:\/\/box5852\/cgi\/addon_GT.cgi?s=GT::WP::Install::EIG+%28gaupupmy%29+-+10.24.48.83+%5BWordpress%3b+\/var\/hp\/common\/lib\/Wordpress.pm%3b+461%3b+Hosting::gap_call%5D\/?page_id=2"},"modified":"2021-10-16T20:08:41","modified_gmt":"2021-10-17T00:08:41","slug":"about-us","status":"publish","type":"page","link":"https:\/\/kvrpharma.com\/fr\/about-us\/","title":{"rendered":"\u00c0 propos de nous"},"content":{"rendered":"<p>KVR Pharmaceuticals a \u00e9t\u00e9 fond\u00e9e en 2015. Nous sommes une start-up canadienne dirig\u00e9e par une \u00e9quipe de direction poss\u00e9dant une solide expertise en recherche, en d\u00e9veloppement pharmaceutique, en vente et en marketing.<\/p>\n\n\n\n<p>Nous nous engageons \u00e0 embaucher du personnel talentueux qui est enthousiasm\u00e9 par notre mission tandis que nous construisons continuellement un environnement de travail positif qui favorise la croissance personnelle et professionnelle.<\/p>\n\n\n\n<div style=\"height:30px\" aria-hidden=\"true\" class=\"wp-block-spacer\"><\/div>\n\n\n\n<h2 class=\"wp-block-heading\">Notre mission<\/h2>\n\n\n\n<h3 class=\"has-medium-font-size wp-block-heading\"><strong><em>Nous d\u00e9couvrons ce que les autres manquent<\/em><\/strong><\/h3>\n\n\n\n<p>Nous d\u00e9veloppons des produits pour des domaines de traitement mal desservis. Nous cherchons \u00e0 identifier de nouvelles utilisations pour les m\u00e9dicaments existants, en exploitant des voies mol\u00e9culaires uniques qui n'ont pas \u00e9t\u00e9 explor\u00e9es auparavant.<\/p>\n\n\n\n<p>Notre mission est le d\u00e9veloppement de traitements innovants sur le march\u00e9 des troubles de la coagulation et des maladies associ\u00e9s..<\/p>\n\n\n\n<p>Les mol\u00e9cules impliqu\u00e9es dans la voie de la coagulation jouent un r\u00f4le important dans d'autres m\u00e9canismes biologiques, notamment l'invasion des tissus.<\/p>\n\n\n\n<p>Les recherches indiquent que les nouveaux m\u00e9dicaments ciblant la voie de la coagulation peuvent donc constituer des traitements potentiels pour d'autres maladies associ\u00e9es. Le d\u00e9veloppement d'agents suivant ce mod\u00e8le deviendra un traitement futur pour am\u00e9liorer la qualit\u00e9 de vie des patients dans le monde entier.<\/p>","protected":false},"excerpt":{"rendered":"<p>KVR Pharmaceuticals was founded in 2015. We are a Canadian start-up company led by an executive team with strong expertise in research, pharmaceutical development, sales, and marketing. We are committed&hellip;<\/p>","protected":false},"author":1,"featured_media":0,"parent":0,"menu_order":0,"comment_status":"closed","ping_status":"open","template":"","meta":{"nf_dc_page":"","om_disable_all_campaigns":false,"_monsterinsights_skip_tracking":false,"_monsterinsights_sitenote_active":false,"_monsterinsights_sitenote_note":"","_monsterinsights_sitenote_category":0,"footnotes":""},"class_list":["post-2","page","type-page","status-publish","hentry"],"aioseo_notices":[],"jetpack_sharing_enabled":true,"_links":{"self":[{"href":"https:\/\/kvrpharma.com\/fr\/wp-json\/wp\/v2\/pages\/2","targetHints":{"allow":["GET"]}}],"collection":[{"href":"https:\/\/kvrpharma.com\/fr\/wp-json\/wp\/v2\/pages"}],"about":[{"href":"https:\/\/kvrpharma.com\/fr\/wp-json\/wp\/v2\/types\/page"}],"author":[{"embeddable":true,"href":"https:\/\/kvrpharma.com\/fr\/wp-json\/wp\/v2\/users\/1"}],"replies":[{"embeddable":true,"href":"https:\/\/kvrpharma.com\/fr\/wp-json\/wp\/v2\/comments?post=2"}],"version-history":[{"count":5,"href":"https:\/\/kvrpharma.com\/fr\/wp-json\/wp\/v2\/pages\/2\/revisions"}],"predecessor-version":[{"id":141,"href":"https:\/\/kvrpharma.com\/fr\/wp-json\/wp\/v2\/pages\/2\/revisions\/141"}],"wp:attachment":[{"href":"https:\/\/kvrpharma.com\/fr\/wp-json\/wp\/v2\/media?parent=2"}],"curies":[{"name":"wp","href":"https:\/\/api.w.org\/{rel}","templated":true}]}}